{"id":4981,"date":"2023-11-25T16:40:36","date_gmt":"2023-11-25T15:40:36","guid":{"rendered":"http:\/\/www.sofamilano.com\/?post_type=product&#038;p=4981"},"modified":"2023-11-25T16:41:22","modified_gmt":"2023-11-25T15:41:22","slug":"canape-en-coin-diletta","status":"publish","type":"product","link":"https:\/\/www.sofamilano.com\/?product=canape-en-coin-diletta","title":{"rendered":"Canap\u00e9 en coin Diletta"},"content":{"rendered":"<p>Diletta est un fauteuil qui peut \u00eatre utilis\u00e9 seul ou se transformer en un canap\u00e9 deux places original, gr\u00e2ce \u00e0 l\u2019union de deux \u00e9l\u00e9ments con\u00e7us pour s\u2019adapter parfaitement l\u2019un \u00e0 l\u2019autre.<\/p>\n","protected":false},"excerpt":{"rendered":"<p>Abbracci est un fauteuil qui peut \u00eatre utilis\u00e9 seul ou se transformer en un canap\u00e9 deux places original.<\/p>\n","protected":false},"featured_media":4984,"comment_status":"open","ping_status":"closed","template":"","meta":{"_monsterinsights_skip_tracking":false,"_monsterinsights_sitenote_active":false,"_monsterinsights_sitenote_note":"","_monsterinsights_sitenote_category":0},"product_cat":[15,64,60],"product_tag":[],"class_list":{"0":"post-4981","1":"product","2":"type-product","3":"status-publish","4":"has-post-thumbnail","6":"product_cat-uncategorized","7":"product_cat-canapes","8":"product_cat-salons","10":"first","11":"instock","12":"taxable","13":"shipping-taxable","14":"purchasable","15":"product-type-simple"},"aioseo_notices":[],"_links":{"self":[{"href":"https:\/\/www.sofamilano.com\/index.php?rest_route=\/wp\/v2\/product\/4981","targetHints":{"allow":["GET"]}}],"collection":[{"href":"https:\/\/www.sofamilano.com\/index.php?rest_route=\/wp\/v2\/product"}],"about":[{"href":"https:\/\/www.sofamilano.com\/index.php?rest_route=\/wp\/v2\/types\/product"}],"replies":[{"embeddable":true,"href":"https:\/\/www.sofamilano.com\/index.php?rest_route=%2Fwp%2Fv2%2Fcomments&post=4981"}],"version-history":[{"count":1,"href":"https:\/\/www.sofamilano.com\/index.php?rest_route=\/wp\/v2\/product\/4981\/revisions"}],"predecessor-version":[{"id":4985,"href":"https:\/\/www.sofamilano.com\/index.php?rest_route=\/wp\/v2\/product\/4981\/revisions\/4985"}],"wp:featuredmedia":[{"embeddable":true,"href":"https:\/\/www.sofamilano.com\/index.php?rest_route=\/wp\/v2\/media\/4984"}],"wp:attachment":[{"href":"https:\/\/www.sofamilano.com\/index.php?rest_route=%2Fwp%2Fv2%2Fmedia&parent=4981"}],"wp:term":[{"taxonomy":"product_cat","embeddable":true,"href":"https:\/\/www.sofamilano.com\/index.php?rest_route=%2Fwp%2Fv2%2Fproduct_cat&post=4981"},{"taxonomy":"product_tag","embeddable":true,"href":"https:\/\/www.sofamilano.com\/index.php?rest_route=%2Fwp%2Fv2%2Fproduct_tag&post=4981"}],"curies":[{"name":"wp","href":"https:\/\/api.w.org\/{rel}","templated":true}]}}